{"id":619,"date":"2020-09-19T00:03:54","date_gmt":"2020-09-19T00:03:54","guid":{"rendered":"https:\/\/amatitlan.gob.gt\/2020\/?page_id=619"},"modified":"2021-09-09T22:29:51","modified_gmt":"2021-09-09T22:29:51","slug":"01-estructura-organica","status":"publish","type":"page","link":"https:\/\/amatitlan.gob.gt\/2020\/01-estructura-organica\/","title":{"rendered":"01 Estructura Org\u00e1nica"},"content":{"rendered":"\r\n<p>Estructura org\u00e1nica y funciones de cada una de las dependencias y departamentos, incluyendo su marco normativo.<\/p>\r\n\r\n\r\n\r\n<p id=\"block-13aeec63-2e9c-422b-b9db-ad16041e5c92\" class=\"has-background has-normal-font-size\" style=\"background-color: #eee;\"><strong>NOTA<\/strong>: La estructura org\u00e1nica, manual de funciones y marco normativo no se generan en las municipalidades de manera mensual o anual, por lo tanto, se publican los documentos vigentes aprobados por el Concejo Municipal. Base Legal: C\u00f3digo Municipal Art. 35 y Decreto 57-2008 Art. 7<\/p>\r\n\r\n\r\n\r\n<pre class=\"wp-block-verse\"><br \/><img fetchpriority=\"high\" decoding=\"async\" class=\"alignnone  wp-image-3554\" src=\"https:\/\/amatitlan.gob.gt\/2020\/wp-content\/uploads\/2021\/09\/01-Estructura-Organica-Municipalidad-de-Amatitlan-300x232.jpg\" alt=\"\" width=\"603\" height=\"467\" srcset=\"https:\/\/amatitlan.gob.gt\/2020\/wp-content\/uploads\/2021\/09\/01-Estructura-Organica-Municipalidad-de-Amatitlan-300x232.jpg 300w, https:\/\/amatitlan.gob.gt\/2020\/wp-content\/uploads\/2021\/09\/01-Estructura-Organica-Municipalidad-de-Amatitlan-1024x791.jpg 1024w, https:\/\/amatitlan.gob.gt\/2020\/wp-content\/uploads\/2021\/09\/01-Estructura-Organica-Municipalidad-de-Amatitlan-768x593.jpg 768w, https:\/\/amatitlan.gob.gt\/2020\/wp-content\/uploads\/2021\/09\/01-Estructura-Organica-Municipalidad-de-Amatitlan-1536x1187.jpg 1536w, https:\/\/amatitlan.gob.gt\/2020\/wp-content\/uploads\/2021\/09\/01-Estructura-Organica-Municipalidad-de-Amatitlan-2048x1583.jpg 2048w\" sizes=\"(max-width: 603px) 100vw, 603px\" \/><\/pre>\r\n\r\n\r\n\r\n<script type=\"text\/x-handlebars-template\"        id=\"wpfd-template-table-categories-205\">    <div class=\"wpfd-categories \">{{#if category}}{{#with category}}<h2>{{name}}<\/h2>{{#if parent}}<a class=\"catlink backcategory\" href=\"#\" data-idcat=\"{{parent}}\">                        <i class=\"zmdi zmdi-chevron-left\"><\/i><span>Atr\u00e1s<\/span><\/a>{{\/if}}{{\/with}}{{\/if}}{{#if category.desc}}<div class=\"wpfd-category-desc\">{{category.desc}}<\/div>{{\/if}}<\/div><\/script><script type=\"text\/x-handlebars-template\" id=\"wpfd-template-table-205\">    {{#if files}}    {{#each files}}    <tr class=\"file {{class}} {{ext}}\" data-id=\"{{ID}}\" data-catid=\"{{catid}}\">        <input type=\"hidden\" class=\"wpfd_file_preview_link_download\" value=\"{{linkdownload}}\" data-filetitle=\"{{post_title}}\" data-fileicons=\"ext ext-{{ext}} wpfd-icon-set-svg\" \/>    <td class=\"file_title\"><label class=\"wpfd_checkbox\"><input class=\"cbox_file_download\" type=\"checkbox\" data-id=\"{{ID}}\" \/><span><\/span><\/label><a class=\"wpfd_downloadlink\" href=\"{{linkdownload}}\"  title=\"{{post_title}}\" target=\"{{#if remote_file}}_blank{{\/if}}\"><span class=\"extcol\">{{#if file_custom_icon}}<span class=\"icon-custom\"><img decoding=\"async\" src=\"{{file_custom_icon}}\"><\/span>{{else}}<span class=\"ext ext-{{ext}} wpfd-icon-set-svg\"><\/span>{{\/if}}<\/span><span class=\"wpfd-file-crop-title\">{{{crop_title}}}<\/span><\/a><\/td><td class=\"file_size\">{{bytesToSize size}}<\/td>                    <td class=\"col-download\">                <a class=\"downloadlink wpfd_downloadlink\"  href=\"{{linkdownload}}\"  style=\"background-color:#76bc58;color:#ffffff;\" target=\"{{#if remote_file}}_blank{{\/if}}\">Descargar<i class=\"zmdi zmdi-cloud-download wpfd-download\"><\/i><\/a>{{#if openpdflink}}<a class=\"openlink wpfdlightbox wpfd_previewlink\" href=\"{{openpdflink}}\"  target=\"\">Vista previa                            <i class=\"zmdi zmdi-filter-center-focus wpfd-preview\"><\/i>                        <\/a>{{else}}{{#if viewerlink}}<a                            href=\"{{viewerlink}}\"                                                        class=\"openlink wpfdlightbox wpfd_previewlink\"                            target=\"\"                            data-id=\"{{ID}}\"                            data-catid=\"{{catid}}\"                            data-file-type=\"{{ext}}\">Vista previa<i class=\"zmdi zmdi-filter-center-focus wpfd-preview\"><\/i>                        <\/a>{{\/if}}{{\/if}}            <\/td>            <\/tr>    {{\/each}}    {{\/if}}<\/script><div class=\"wpfd-content wpfd-content-table wpfd-content-multi colstyle\" data-category=\"205\"              style=\"background-color: rgba(255, 255, 255, 0);\"><input type=\"hidden\" id=\"current_category_205\" value=\"205\" \/>                    <input type=\"hidden\" id=\"current_category_slug_205\" value=\"01-estructura-organica\" \/>                    <input type=\"hidden\" id=\"current_ordering_205\" value=\"ordering\" \/>                    <input type=\"hidden\" id=\"current_ordering_direction_205\" value=\"desc\" \/>                    <input type=\"hidden\" id=\"page_limit_205\" value=\"100\" \/><input type=\"hidden\" id=\"wpfd_display_empty_category_message\" value=\"1\" \/><input type=\"hidden\" id=\"wpfd_empty_category_message_val\" value=\"Esta carpeta por ahora est\u00e1 vac\u00eda\" \/><input type=\"hidden\" id=\"wpfd_display_empty_folder\" value=\"1\" \/><input type=\"hidden\" id=\"wpfd_is_empty_subcategories\" value=\"1\" \/><input type=\"hidden\" id=\"wpfd_is_empty_files\" value=\"1\" \/><input type=\"hidden\" id=\"wpfd_root_category_id\" class=\"wpfd_root_category_id\" value=\"205\" \/><input type=\"hidden\" id=\"wpfd_root_category_theme\" class=\"wpfd_root_category_theme\" value=\"table\" \/><input type=\"hidden\" id=\"wpfd_root_category_clone_theme_type\" class=\"wpfd_root_category_clone_theme_type\" value=\"none\" \/><input type=\"hidden\" id=\"wpfd_root_category_type\" class=\"wpfd_root_category_type\" value=\"205\" \/><div class=\"wpfd-container show_category_title\">        <div class=\"wpfd-open-tree\"><\/div>    <div class=\"wpfd-container-table  \">        <div class=\"wpfd-categories \"><h2 class=\"wpfd-category-theme-title\">01 ESTRUCTURA ORG\u00c1NICA<\/h2><div class=\"wpfd-category-desc\"><\/div><\/div>        <table class=\"wpfd-search-result wpfd-table wpfd-table-bordered wpfd-table-striped wpfd-table-0 mediaTable wpfd-theme-rows\">            <thead>                <tr>                    <th class=\"essential persist file_title\">T\u00edtulo<\/th><th class=\"optional file_size\">Tama\u00f1o<\/th><th class=\"essential file_download file_download_tbl\">Descargar<\/th>                <\/tr>            <\/thead>            <tbody>                                            <tr class=\"file jpg\" data-id=\"4403\"                    data-catid=\"205\">                                        <input type=\"hidden\" class=\"wpfd_file_preview_link_download\" value=\"https:\/\/amatitlan.gob.gt\/2020\/descargar\/205\/01-estructura-organica\/4403\/01-estructura-organica-muni-amatitan-organigrama.jpg\"                           data-filetitle=\"01-Estructura-Organica-Muni-Amatit\u00e1n \/ ORGANIGRAMA\" data-fileicons=\"ext ext-jpg wpfd-icon-set-svg\" \/>                    <td class=\"file_title\"><label class=\"wpfd_checkbox\"><input class=\"cbox_file_download\" type=\"checkbox\" data-id=\"4403\" data-catid=\"205\" \/><span><\/span><\/label><a class=\"wpfd_downloadlink\" href=\"https:\/\/amatitlan.gob.gt\/2020\/descargar\/205\/01-estructura-organica\/4403\/01-estructura-organica-muni-amatitan-organigrama.jpg\"  title=\"01-Estructura-Organica-Muni-Amatit\u00e1n \/ ORGANIGRAMA\" target=\"\"><span class=\"extcol\"><span class=\"ext ext-jpg wpfd-icon-set-svg\"><\/span><\/span><span class=\"wpfd-file-crop-title\">01-Estructura-Organica-Muni-Amatit\u00e1n \/ ORGANIGRAMA<\/span><\/a><\/td><td class=\"file_size\">119.45 KB<\/td>                                            <td class=\"file_download_tbl col-download\">                            <a class=\"downloadlink wpfd_downloadlink\"  href=\"https:\/\/amatitlan.gob.gt\/2020\/descargar\/205\/01-estructura-organica\/4403\/01-estructura-organica-muni-amatitan-organigrama.jpg\"  style=\"background-color:#76bc58;color:#ffffff;\" target=\"\">Descargar<i class=\"zmdi zmdi-cloud-download wpfd-download\"><\/i><\/a><a                            href=\"https:\/\/docs.google.com\/viewer?url=https%3A%2F%2Famatitlan.gob.gt%2F2020%2Fwp-admin%2Fadmin-ajax.php%3Fjuwpfisadmin%3Dfalse%26action%3Dwpfd%26task%3Dfile.download%26wpfd_category_id%3D205%26wpfd_file_id%3D4403%26token%3D%26preview%3D1&#038;embedded=true\"                                                        class=\"openlink wpfdlightbox wpfd_previewlink\"                            target=\"\"                            data-id=\"4403\"                            data-catid=\"205\"                            data-file-type=\"jpg\">Vista previa<i class=\"zmdi zmdi-filter-center-focus wpfd-preview\"><\/i>                        <\/a>                        <\/td>                                    <\/tr>                                        <\/tbody>        <\/table>            <\/div><\/div><\/div>\r\n\r\n\r\n\r\n<p>&nbsp;<\/p>\r\n","protected":false},"excerpt":{"rendered":"<p>Estructura org\u00e1nica y funciones de cada una de las dependencias y departamentos, incluyendo su marco&#8230;<\/p>\n","protected":false},"author":3,"featured_media":0,"parent":0,"menu_order":0,"comment_status":"closed","ping_status":"closed","template":"","meta":{"disable_featured_image":false,"footnotes":""},"class_list":["post-619","page","type-page","status-publish","hentry"],"yoast_head":"<!-- This site is optimized with the Yoast SEO plugin v24.5 - https:\/\/yoast.com\/wordpress\/plugins\/seo\/ -->\n<title>01 Estructura Org\u00e1nica - Municipalidad de Amatitl\u00e1n<\/title>\n<meta name=\"robots\" content=\"index, follow, max-snippet:-1, max-image-preview:large, max-video-preview:-1\" \/>\n<link rel=\"canonical\" href=\"https:\/\/amatitlan.gob.gt\/2020\/01-estructura-organica\/\" \/>\n<meta property=\"og:locale\" content=\"es_ES\" \/>\n<meta property=\"og:type\" content=\"article\" \/>\n<meta property=\"og:title\" content=\"01 Estructura Org\u00e1nica - Municipalidad de Amatitl\u00e1n\" \/>\n<meta property=\"og:description\" content=\"Estructura org\u00e1nica y funciones de cada una de las dependencias y departamentos, incluyendo su marco...\" \/>\n<meta property=\"og:url\" content=\"https:\/\/amatitlan.gob.gt\/2020\/01-estructura-organica\/\" \/>\n<meta property=\"og:site_name\" content=\"Municipalidad de Amatitl\u00e1n\" \/>\n<meta property=\"article:modified_time\" content=\"2021-09-09T22:29:51+00:00\" \/>\n<meta property=\"og:image\" content=\"https:\/\/amatitlan.gob.gt\/2020\/wp-content\/uploads\/2021\/09\/01-Estructura-Organica-Municipalidad-de-Amatitlan-300x232.jpg\" \/>\n<meta name=\"twitter:card\" content=\"summary_large_image\" \/>\n<script type=\"application\/ld+json\" class=\"yoast-schema-graph\">{\"@context\":\"https:\/\/schema.org\",\"@graph\":[{\"@type\":\"WebPage\",\"@id\":\"https:\/\/amatitlan.gob.gt\/2020\/01-estructura-organica\/\",\"url\":\"https:\/\/amatitlan.gob.gt\/2020\/01-estructura-organica\/\",\"name\":\"01 Estructura Org\u00e1nica - Municipalidad de Amatitl\u00e1n\",\"isPartOf\":{\"@id\":\"https:\/\/amatitlan.gob.gt\/2020\/#website\"},\"primaryImageOfPage\":{\"@id\":\"https:\/\/amatitlan.gob.gt\/2020\/01-estructura-organica\/#primaryimage\"},\"image\":{\"@id\":\"https:\/\/amatitlan.gob.gt\/2020\/01-estructura-organica\/#primaryimage\"},\"thumbnailUrl\":\"https:\/\/amatitlan.gob.gt\/2020\/wp-content\/uploads\/2021\/09\/01-Estructura-Organica-Municipalidad-de-Amatitlan-300x232.jpg\",\"datePublished\":\"2020-09-19T00:03:54+00:00\",\"dateModified\":\"2021-09-09T22:29:51+00:00\",\"breadcrumb\":{\"@id\":\"https:\/\/amatitlan.gob.gt\/2020\/01-estructura-organica\/#breadcrumb\"},\"inLanguage\":\"es\",\"potentialAction\":[{\"@type\":\"ReadAction\",\"target\":[\"https:\/\/amatitlan.gob.gt\/2020\/01-estructura-organica\/\"]}]},{\"@type\":\"ImageObject\",\"inLanguage\":\"es\",\"@id\":\"https:\/\/amatitlan.gob.gt\/2020\/01-estructura-organica\/#primaryimage\",\"url\":\"https:\/\/amatitlan.gob.gt\/2020\/wp-content\/uploads\/2021\/09\/01-Estructura-Organica-Municipalidad-de-Amatitlan.jpg\",\"contentUrl\":\"https:\/\/amatitlan.gob.gt\/2020\/wp-content\/uploads\/2021\/09\/01-Estructura-Organica-Municipalidad-de-Amatitlan.jpg\",\"width\":2200,\"height\":1700},{\"@type\":\"BreadcrumbList\",\"@id\":\"https:\/\/amatitlan.gob.gt\/2020\/01-estructura-organica\/#breadcrumb\",\"itemListElement\":[{\"@type\":\"ListItem\",\"position\":1,\"name\":\"Portada\",\"item\":\"https:\/\/amatitlan.gob.gt\/2020\/\"},{\"@type\":\"ListItem\",\"position\":2,\"name\":\"01 Estructura Org\u00e1nica\"}]},{\"@type\":\"WebSite\",\"@id\":\"https:\/\/amatitlan.gob.gt\/2020\/#website\",\"url\":\"https:\/\/amatitlan.gob.gt\/2020\/\",\"name\":\"Municipalidad de Amatitl\u00e1n\",\"description\":\"Gobierno Municipal 2024-2028\",\"publisher\":{\"@id\":\"https:\/\/amatitlan.gob.gt\/2020\/#organization\"},\"potentialAction\":[{\"@type\":\"SearchAction\",\"target\":{\"@type\":\"EntryPoint\",\"urlTemplate\":\"https:\/\/amatitlan.gob.gt\/2020\/?s={search_term_string}\"},\"query-input\":{\"@type\":\"PropertyValueSpecification\",\"valueRequired\":true,\"valueName\":\"search_term_string\"}}],\"inLanguage\":\"es\"},{\"@type\":\"Organization\",\"@id\":\"https:\/\/amatitlan.gob.gt\/2020\/#organization\",\"name\":\"Municipalidad de Amatitl\u00e1n\",\"url\":\"https:\/\/amatitlan.gob.gt\/2020\/\",\"logo\":{\"@type\":\"ImageObject\",\"inLanguage\":\"es\",\"@id\":\"https:\/\/amatitlan.gob.gt\/2020\/#\/schema\/logo\/image\/\",\"url\":\"https:\/\/amatitlan.gob.gt\/2020\/wp-content\/uploads\/2024\/01\/cropped-Logo-Muni-2024.png\",\"contentUrl\":\"https:\/\/amatitlan.gob.gt\/2020\/wp-content\/uploads\/2024\/01\/cropped-Logo-Muni-2024.png\",\"width\":613,\"height\":343,\"caption\":\"Municipalidad de Amatitl\u00e1n\"},\"image\":{\"@id\":\"https:\/\/amatitlan.gob.gt\/2020\/#\/schema\/logo\/image\/\"}}]}<\/script>\n<!-- \/ Yoast SEO plugin. -->","yoast_head_json":{"title":"01 Estructura Org\u00e1nica - Municipalidad de Amatitl\u00e1n","robots":{"index":"index","follow":"follow","max-snippet":"max-snippet:-1","max-image-preview":"max-image-preview:large","max-video-preview":"max-video-preview:-1"},"canonical":"https:\/\/amatitlan.gob.gt\/2020\/01-estructura-organica\/","og_locale":"es_ES","og_type":"article","og_title":"01 Estructura Org\u00e1nica - Municipalidad de Amatitl\u00e1n","og_description":"Estructura org\u00e1nica y funciones de cada una de las dependencias y departamentos, incluyendo su marco...","og_url":"https:\/\/amatitlan.gob.gt\/2020\/01-estructura-organica\/","og_site_name":"Municipalidad de Amatitl\u00e1n","article_modified_time":"2021-09-09T22:29:51+00:00","og_image":[{"url":"https:\/\/amatitlan.gob.gt\/2020\/wp-content\/uploads\/2021\/09\/01-Estructura-Organica-Municipalidad-de-Amatitlan-300x232.jpg","type":"","width":"","height":""}],"twitter_card":"summary_large_image","schema":{"@context":"https:\/\/schema.org","@graph":[{"@type":"WebPage","@id":"https:\/\/amatitlan.gob.gt\/2020\/01-estructura-organica\/","url":"https:\/\/amatitlan.gob.gt\/2020\/01-estructura-organica\/","name":"01 Estructura Org\u00e1nica - Municipalidad de Amatitl\u00e1n","isPartOf":{"@id":"https:\/\/amatitlan.gob.gt\/2020\/#website"},"primaryImageOfPage":{"@id":"https:\/\/amatitlan.gob.gt\/2020\/01-estructura-organica\/#primaryimage"},"image":{"@id":"https:\/\/amatitlan.gob.gt\/2020\/01-estructura-organica\/#primaryimage"},"thumbnailUrl":"https:\/\/amatitlan.gob.gt\/2020\/wp-content\/uploads\/2021\/09\/01-Estructura-Organica-Municipalidad-de-Amatitlan-300x232.jpg","datePublished":"2020-09-19T00:03:54+00:00","dateModified":"2021-09-09T22:29:51+00:00","breadcrumb":{"@id":"https:\/\/amatitlan.gob.gt\/2020\/01-estructura-organica\/#breadcrumb"},"inLanguage":"es","potentialAction":[{"@type":"ReadAction","target":["https:\/\/amatitlan.gob.gt\/2020\/01-estructura-organica\/"]}]},{"@type":"ImageObject","inLanguage":"es","@id":"https:\/\/amatitlan.gob.gt\/2020\/01-estructura-organica\/#primaryimage","url":"https:\/\/amatitlan.gob.gt\/2020\/wp-content\/uploads\/2021\/09\/01-Estructura-Organica-Municipalidad-de-Amatitlan.jpg","contentUrl":"https:\/\/amatitlan.gob.gt\/2020\/wp-content\/uploads\/2021\/09\/01-Estructura-Organica-Municipalidad-de-Amatitlan.jpg","width":2200,"height":1700},{"@type":"BreadcrumbList","@id":"https:\/\/amatitlan.gob.gt\/2020\/01-estructura-organica\/#breadcrumb","itemListElement":[{"@type":"ListItem","position":1,"name":"Portada","item":"https:\/\/amatitlan.gob.gt\/2020\/"},{"@type":"ListItem","position":2,"name":"01 Estructura Org\u00e1nica"}]},{"@type":"WebSite","@id":"https:\/\/amatitlan.gob.gt\/2020\/#website","url":"https:\/\/amatitlan.gob.gt\/2020\/","name":"Municipalidad de Amatitl\u00e1n","description":"Gobierno Municipal 2024-2028","publisher":{"@id":"https:\/\/amatitlan.gob.gt\/2020\/#organization"},"potentialAction":[{"@type":"SearchAction","target":{"@type":"EntryPoint","urlTemplate":"https:\/\/amatitlan.gob.gt\/2020\/?s={search_term_string}"},"query-input":{"@type":"PropertyValueSpecification","valueRequired":true,"valueName":"search_term_string"}}],"inLanguage":"es"},{"@type":"Organization","@id":"https:\/\/amatitlan.gob.gt\/2020\/#organization","name":"Municipalidad de Amatitl\u00e1n","url":"https:\/\/amatitlan.gob.gt\/2020\/","logo":{"@type":"ImageObject","inLanguage":"es","@id":"https:\/\/amatitlan.gob.gt\/2020\/#\/schema\/logo\/image\/","url":"https:\/\/amatitlan.gob.gt\/2020\/wp-content\/uploads\/2024\/01\/cropped-Logo-Muni-2024.png","contentUrl":"https:\/\/amatitlan.gob.gt\/2020\/wp-content\/uploads\/2024\/01\/cropped-Logo-Muni-2024.png","width":613,"height":343,"caption":"Municipalidad de Amatitl\u00e1n"},"image":{"@id":"https:\/\/amatitlan.gob.gt\/2020\/#\/schema\/logo\/image\/"}}]}},"amp_enabled":true,"_links":{"self":[{"href":"https:\/\/amatitlan.gob.gt\/2020\/wp-json\/wp\/v2\/pages\/619","targetHints":{"allow":["GET"]}}],"collection":[{"href":"https:\/\/amatitlan.gob.gt\/2020\/wp-json\/wp\/v2\/pages"}],"about":[{"href":"https:\/\/amatitlan.gob.gt\/2020\/wp-json\/wp\/v2\/types\/page"}],"author":[{"embeddable":true,"href":"https:\/\/amatitlan.gob.gt\/2020\/wp-json\/wp\/v2\/users\/3"}],"replies":[{"embeddable":true,"href":"https:\/\/amatitlan.gob.gt\/2020\/wp-json\/wp\/v2\/comments?post=619"}],"version-history":[{"count":7,"href":"https:\/\/amatitlan.gob.gt\/2020\/wp-json\/wp\/v2\/pages\/619\/revisions"}],"predecessor-version":[{"id":3557,"href":"https:\/\/amatitlan.gob.gt\/2020\/wp-json\/wp\/v2\/pages\/619\/revisions\/3557"}],"wp:attachment":[{"href":"https:\/\/amatitlan.gob.gt\/2020\/wp-json\/wp\/v2\/media?parent=619"}],"curies":[{"name":"wp","href":"https:\/\/api.w.org\/{rel}","templated":true}]}}