{"id":476,"date":"2020-09-18T18:43:56","date_gmt":"2020-09-18T18:43:56","guid":{"rendered":"https:\/\/amatitlan.gob.gt\/2020\/?page_id=476"},"modified":"2021-04-14T16:11:36","modified_gmt":"2021-04-14T16:11:36","slug":"alcalde-municipal","status":"publish","type":"page","link":"https:\/\/amatitlan.gob.gt\/2020\/alcalde-municipal\/","title":{"rendered":"Alcalde Municipal de Amatitl\u00e1n"},"content":{"rendered":"\n<figure class=\"wp-block-image size-large\"><img fetchpriority=\"high\" decoding=\"async\" width=\"683\" height=\"1024\" src=\"https:\/\/amatitlan.gob.gt\/2020\/wp-content\/uploads\/2021\/04\/FineArt-2-Mynor-Orellana-683x1024.jpg\" alt=\"\" class=\"wp-image-2611\" srcset=\"https:\/\/amatitlan.gob.gt\/2020\/wp-content\/uploads\/2021\/04\/FineArt-2-Mynor-Orellana-683x1024.jpg 683w, https:\/\/amatitlan.gob.gt\/2020\/wp-content\/uploads\/2021\/04\/FineArt-2-Mynor-Orellana-200x300.jpg 200w, https:\/\/amatitlan.gob.gt\/2020\/wp-content\/uploads\/2021\/04\/FineArt-2-Mynor-Orellana-768x1151.jpg 768w, https:\/\/amatitlan.gob.gt\/2020\/wp-content\/uploads\/2021\/04\/FineArt-2-Mynor-Orellana-1025x1536.jpg 1025w, https:\/\/amatitlan.gob.gt\/2020\/wp-content\/uploads\/2021\/04\/FineArt-2-Mynor-Orellana-1367x2048.jpg 1367w, https:\/\/amatitlan.gob.gt\/2020\/wp-content\/uploads\/2021\/04\/FineArt-2-Mynor-Orellana-scaled.jpg 1709w\" sizes=\"(max-width: 683px) 100vw, 683px\" \/><\/figure>\n\n\n\n<p>Al abrir esta nueva era de gesti\u00f3n administrativa, mi gratitud se dirige al Padre Eterno, ya que, por su voluntad y gracia divina, me permite retomar el cargo como alcalde de mi amado municipio de Amatitl\u00e1n.<\/p>\n\n\n\n<p>Con mucha humildad y sinceridad, agradezco el apoyo de miles de vecinos y simpatizantes de este proyecto de transformaci\u00f3n, que ya evoluciona y que pertenece a todos los amatitlanecos.<\/p>\n\n\n\n<p>Desde mi funci\u00f3n como alcalde y administrador de los bienes y recursos de este municipio, he sentido la responsabilidad de trabajar por el beneficio de todas las comunidades. &nbsp;Por ello he dedicado estos pasados cuatro a\u00f1os, a la construcci\u00f3n de significativas obras f\u00edsicas, as\u00ed como proyectos sociales que actualmente est\u00e1n brindando beneficios de gran alcance colectivo y nos aseguran un mejor futuro.<\/p>\n\n\n\n<p>Mucho antes de asumir este honorable cargo, comenc\u00e9 a fortalecer las estructuras educativas, consciente de que, para progresar, toda sociedad necesita tener acceso a los sistemas de ense\u00f1anza en condiciones dignas e id\u00f3neas.&nbsp;<\/p>\n\n\n\n<p>Comprendiendo este hecho, durante el a\u00f1o 2011 esta administraci\u00f3n, ha reconstruido, ampliado y mejorado, m\u00e1s de veinte establecimientos p\u00fablicos en todos los niveles y en todas las comunidades de Amatitl\u00e1n. Tuve la grata satisfacci\u00f3n de inaugurar en julio, la Escuela de San Patricio, la cual se localiza en el camino que conduce hacia aldea Las Trojes. &nbsp;<\/p>\n\n\n\n<p>Este centro educativo vino a convertirse en s\u00edmbolo de la determinaci\u00f3n y voluntad en medio de una tragedia natural que arrastr\u00f3 el edificio entre lodo y arena en el 2010. Gracias a los maestros, vecinos, representantes del Ministerio de Educaci\u00f3n y la alianza efectiva de la Rep\u00fablica de Jap\u00f3n, mi administraci\u00f3n gestion\u00f3 de com\u00fan acuerdo con todos ellos, devolverles a los estudiantes y maestros de este sector, un lugar seguro y digno para continuar el proceso de ense\u00f1anza aprendizaje.<\/p>\n\n\n\n<p>De igual forma esperamos inaugurar en los primeros meses del a\u00f1o 2012 la Escuela de Colonia El Pedregal, ubicada en la comunidad rural de Agua de las Minas. Atendiendo las necesidades elementales de los amatitlanecos, se ha trabajado en la conducci\u00f3n apropiada de aguas servidas, con la implementaci\u00f3n de sistemas modernos y funcionales para el drenaje domiciliar, en varios sectores del municipio.<\/p>\n\n\n\n<p>En zonas en donde nunca hab\u00eda existido la posibilidad de contar con agua potable, hemos facilitado la perforaci\u00f3n de pozos, el equipamiento para absorci\u00f3n y la conducci\u00f3n de tuber\u00edas hacia los domicilios. Este ha sido un a\u00f1o de intensa actividad pol\u00edtica y sin embargo no descuidamos en ning\u00fan momento, las planificaciones que gracias a Dios logramos ejecutar con \u00e9xito.<\/p>\n\n\n\n<figure class=\"wp-block-image size-large\"><img decoding=\"async\" width=\"1024\" height=\"686\" src=\"https:\/\/amatitlan.gob.gt\/2020\/wp-content\/uploads\/2020\/09\/logo-1024x686.jpg\" alt=\"\" class=\"wp-image-473\" srcset=\"https:\/\/amatitlan.gob.gt\/2020\/wp-content\/uploads\/2020\/09\/logo-1024x686.jpg 1024w, https:\/\/amatitlan.gob.gt\/2020\/wp-content\/uploads\/2020\/09\/logo-300x201.jpg 300w, https:\/\/amatitlan.gob.gt\/2020\/wp-content\/uploads\/2020\/09\/logo-768x515.jpg 768w, https:\/\/amatitlan.gob.gt\/2020\/wp-content\/uploads\/2020\/09\/logo.jpg 1346w\" sizes=\"(max-width: 1024px) 100vw, 1024px\" \/><\/figure>\n","protected":false},"excerpt":{"rendered":"<p>Al abrir esta nueva era de gesti\u00f3n administrativa, mi gratitud se dirige al Padre Eterno,&#8230;<\/p>\n","protected":false},"author":3,"featured_media":472,"parent":0,"menu_order":0,"comment_status":"closed","ping_status":"closed","template":"","meta":{"disable_featured_image":false,"footnotes":""},"class_list":["post-476","page","type-page","status-publish","has-post-thumbnail","hentry"],"yoast_head":"<!-- This site is optimized with the Yoast SEO plugin v24.5 - https:\/\/yoast.com\/wordpress\/plugins\/seo\/ -->\n<title>Alcalde Municipal de Amatitl\u00e1n - Municipalidad de Amatitl\u00e1n<\/title>\n<meta name=\"robots\" content=\"index, follow, max-snippet:-1, max-image-preview:large, max-video-preview:-1\" \/>\n<link rel=\"canonical\" href=\"https:\/\/amatitlan.gob.gt\/2020\/alcalde-municipal\/\" \/>\n<meta property=\"og:locale\" content=\"es_ES\" \/>\n<meta property=\"og:type\" content=\"article\" \/>\n<meta property=\"og:title\" content=\"Alcalde Municipal de Amatitl\u00e1n - Municipalidad de Amatitl\u00e1n\" \/>\n<meta property=\"og:description\" content=\"Al abrir esta nueva era de gesti\u00f3n administrativa, mi gratitud se dirige al Padre Eterno,...\" \/>\n<meta property=\"og:url\" content=\"https:\/\/amatitlan.gob.gt\/2020\/alcalde-municipal\/\" \/>\n<meta property=\"og:site_name\" content=\"Municipalidad de Amatitl\u00e1n\" \/>\n<meta property=\"article:modified_time\" content=\"2021-04-14T16:11:36+00:00\" \/>\n<meta property=\"og:image\" content=\"https:\/\/amatitlan.gob.gt\/2020\/wp-content\/uploads\/2020\/09\/fotojefe.jpg\" \/>\n\t<meta property=\"og:image:width\" content=\"1346\" \/>\n\t<meta property=\"og:image:height\" content=\"902\" \/>\n\t<meta property=\"og:image:type\" content=\"image\/jpeg\" \/>\n<meta name=\"twitter:card\" content=\"summary_large_image\" \/>\n<meta name=\"twitter:label1\" content=\"Tiempo de lectura\" \/>\n\t<meta name=\"twitter:data1\" content=\"2 minutos\" \/>\n<script type=\"application\/ld+json\" class=\"yoast-schema-graph\">{\"@context\":\"https:\/\/schema.org\",\"@graph\":[{\"@type\":\"WebPage\",\"@id\":\"https:\/\/amatitlan.gob.gt\/2020\/alcalde-municipal\/\",\"url\":\"https:\/\/amatitlan.gob.gt\/2020\/alcalde-municipal\/\",\"name\":\"Alcalde Municipal de Amatitl\u00e1n - Municipalidad de Amatitl\u00e1n\",\"isPartOf\":{\"@id\":\"https:\/\/amatitlan.gob.gt\/2020\/#website\"},\"primaryImageOfPage\":{\"@id\":\"https:\/\/amatitlan.gob.gt\/2020\/alcalde-municipal\/#primaryimage\"},\"image\":{\"@id\":\"https:\/\/amatitlan.gob.gt\/2020\/alcalde-municipal\/#primaryimage\"},\"thumbnailUrl\":\"https:\/\/amatitlan.gob.gt\/2020\/wp-content\/uploads\/2020\/09\/fotojefe.jpg\",\"datePublished\":\"2020-09-18T18:43:56+00:00\",\"dateModified\":\"2021-04-14T16:11:36+00:00\",\"breadcrumb\":{\"@id\":\"https:\/\/amatitlan.gob.gt\/2020\/alcalde-municipal\/#breadcrumb\"},\"inLanguage\":\"es\",\"potentialAction\":[{\"@type\":\"ReadAction\",\"target\":[\"https:\/\/amatitlan.gob.gt\/2020\/alcalde-municipal\/\"]}]},{\"@type\":\"ImageObject\",\"inLanguage\":\"es\",\"@id\":\"https:\/\/amatitlan.gob.gt\/2020\/alcalde-municipal\/#primaryimage\",\"url\":\"https:\/\/amatitlan.gob.gt\/2020\/wp-content\/uploads\/2020\/09\/fotojefe.jpg\",\"contentUrl\":\"https:\/\/amatitlan.gob.gt\/2020\/wp-content\/uploads\/2020\/09\/fotojefe.jpg\",\"width\":1346,\"height\":902},{\"@type\":\"BreadcrumbList\",\"@id\":\"https:\/\/amatitlan.gob.gt\/2020\/alcalde-municipal\/#breadcrumb\",\"itemListElement\":[{\"@type\":\"ListItem\",\"position\":1,\"name\":\"Portada\",\"item\":\"https:\/\/amatitlan.gob.gt\/2020\/\"},{\"@type\":\"ListItem\",\"position\":2,\"name\":\"Alcalde Municipal de Amatitl\u00e1n\"}]},{\"@type\":\"WebSite\",\"@id\":\"https:\/\/amatitlan.gob.gt\/2020\/#website\",\"url\":\"https:\/\/amatitlan.gob.gt\/2020\/\",\"name\":\"Municipalidad de Amatitl\u00e1n\",\"description\":\"Gobierno Municipal 2024-2028\",\"publisher\":{\"@id\":\"https:\/\/amatitlan.gob.gt\/2020\/#organization\"},\"potentialAction\":[{\"@type\":\"SearchAction\",\"target\":{\"@type\":\"EntryPoint\",\"urlTemplate\":\"https:\/\/amatitlan.gob.gt\/2020\/?s={search_term_string}\"},\"query-input\":{\"@type\":\"PropertyValueSpecification\",\"valueRequired\":true,\"valueName\":\"search_term_string\"}}],\"inLanguage\":\"es\"},{\"@type\":\"Organization\",\"@id\":\"https:\/\/amatitlan.gob.gt\/2020\/#organization\",\"name\":\"Municipalidad de Amatitl\u00e1n\",\"url\":\"https:\/\/amatitlan.gob.gt\/2020\/\",\"logo\":{\"@type\":\"ImageObject\",\"inLanguage\":\"es\",\"@id\":\"https:\/\/amatitlan.gob.gt\/2020\/#\/schema\/logo\/image\/\",\"url\":\"https:\/\/amatitlan.gob.gt\/2020\/wp-content\/uploads\/2024\/01\/cropped-Logo-Muni-2024.png\",\"contentUrl\":\"https:\/\/amatitlan.gob.gt\/2020\/wp-content\/uploads\/2024\/01\/cropped-Logo-Muni-2024.png\",\"width\":613,\"height\":343,\"caption\":\"Municipalidad de Amatitl\u00e1n\"},\"image\":{\"@id\":\"https:\/\/amatitlan.gob.gt\/2020\/#\/schema\/logo\/image\/\"}}]}<\/script>\n<!-- \/ Yoast SEO plugin. -->","yoast_head_json":{"title":"Alcalde Municipal de Amatitl\u00e1n - Municipalidad de Amatitl\u00e1n","robots":{"index":"index","follow":"follow","max-snippet":"max-snippet:-1","max-image-preview":"max-image-preview:large","max-video-preview":"max-video-preview:-1"},"canonical":"https:\/\/amatitlan.gob.gt\/2020\/alcalde-municipal\/","og_locale":"es_ES","og_type":"article","og_title":"Alcalde Municipal de Amatitl\u00e1n - Municipalidad de Amatitl\u00e1n","og_description":"Al abrir esta nueva era de gesti\u00f3n administrativa, mi gratitud se dirige al Padre Eterno,...","og_url":"https:\/\/amatitlan.gob.gt\/2020\/alcalde-municipal\/","og_site_name":"Municipalidad de Amatitl\u00e1n","article_modified_time":"2021-04-14T16:11:36+00:00","og_image":[{"width":1346,"height":902,"url":"https:\/\/amatitlan.gob.gt\/2020\/wp-content\/uploads\/2020\/09\/fotojefe.jpg","type":"image\/jpeg"}],"twitter_card":"summary_large_image","twitter_misc":{"Tiempo de lectura":"2 minutos"},"schema":{"@context":"https:\/\/schema.org","@graph":[{"@type":"WebPage","@id":"https:\/\/amatitlan.gob.gt\/2020\/alcalde-municipal\/","url":"https:\/\/amatitlan.gob.gt\/2020\/alcalde-municipal\/","name":"Alcalde Municipal de Amatitl\u00e1n - Municipalidad de Amatitl\u00e1n","isPartOf":{"@id":"https:\/\/amatitlan.gob.gt\/2020\/#website"},"primaryImageOfPage":{"@id":"https:\/\/amatitlan.gob.gt\/2020\/alcalde-municipal\/#primaryimage"},"image":{"@id":"https:\/\/amatitlan.gob.gt\/2020\/alcalde-municipal\/#primaryimage"},"thumbnailUrl":"https:\/\/amatitlan.gob.gt\/2020\/wp-content\/uploads\/2020\/09\/fotojefe.jpg","datePublished":"2020-09-18T18:43:56+00:00","dateModified":"2021-04-14T16:11:36+00:00","breadcrumb":{"@id":"https:\/\/amatitlan.gob.gt\/2020\/alcalde-municipal\/#breadcrumb"},"inLanguage":"es","potentialAction":[{"@type":"ReadAction","target":["https:\/\/amatitlan.gob.gt\/2020\/alcalde-municipal\/"]}]},{"@type":"ImageObject","inLanguage":"es","@id":"https:\/\/amatitlan.gob.gt\/2020\/alcalde-municipal\/#primaryimage","url":"https:\/\/amatitlan.gob.gt\/2020\/wp-content\/uploads\/2020\/09\/fotojefe.jpg","contentUrl":"https:\/\/amatitlan.gob.gt\/2020\/wp-content\/uploads\/2020\/09\/fotojefe.jpg","width":1346,"height":902},{"@type":"BreadcrumbList","@id":"https:\/\/amatitlan.gob.gt\/2020\/alcalde-municipal\/#breadcrumb","itemListElement":[{"@type":"ListItem","position":1,"name":"Portada","item":"https:\/\/amatitlan.gob.gt\/2020\/"},{"@type":"ListItem","position":2,"name":"Alcalde Municipal de Amatitl\u00e1n"}]},{"@type":"WebSite","@id":"https:\/\/amatitlan.gob.gt\/2020\/#website","url":"https:\/\/amatitlan.gob.gt\/2020\/","name":"Municipalidad de Amatitl\u00e1n","description":"Gobierno Municipal 2024-2028","publisher":{"@id":"https:\/\/amatitlan.gob.gt\/2020\/#organization"},"potentialAction":[{"@type":"SearchAction","target":{"@type":"EntryPoint","urlTemplate":"https:\/\/amatitlan.gob.gt\/2020\/?s={search_term_string}"},"query-input":{"@type":"PropertyValueSpecification","valueRequired":true,"valueName":"search_term_string"}}],"inLanguage":"es"},{"@type":"Organization","@id":"https:\/\/amatitlan.gob.gt\/2020\/#organization","name":"Municipalidad de Amatitl\u00e1n","url":"https:\/\/amatitlan.gob.gt\/2020\/","logo":{"@type":"ImageObject","inLanguage":"es","@id":"https:\/\/amatitlan.gob.gt\/2020\/#\/schema\/logo\/image\/","url":"https:\/\/amatitlan.gob.gt\/2020\/wp-content\/uploads\/2024\/01\/cropped-Logo-Muni-2024.png","contentUrl":"https:\/\/amatitlan.gob.gt\/2020\/wp-content\/uploads\/2024\/01\/cropped-Logo-Muni-2024.png","width":613,"height":343,"caption":"Municipalidad de Amatitl\u00e1n"},"image":{"@id":"https:\/\/amatitlan.gob.gt\/2020\/#\/schema\/logo\/image\/"}}]}},"amp_enabled":true,"_links":{"self":[{"href":"https:\/\/amatitlan.gob.gt\/2020\/wp-json\/wp\/v2\/pages\/476","targetHints":{"allow":["GET"]}}],"collection":[{"href":"https:\/\/amatitlan.gob.gt\/2020\/wp-json\/wp\/v2\/pages"}],"about":[{"href":"https:\/\/amatitlan.gob.gt\/2020\/wp-json\/wp\/v2\/types\/page"}],"author":[{"embeddable":true,"href":"https:\/\/amatitlan.gob.gt\/2020\/wp-json\/wp\/v2\/users\/3"}],"replies":[{"embeddable":true,"href":"https:\/\/amatitlan.gob.gt\/2020\/wp-json\/wp\/v2\/comments?post=476"}],"version-history":[{"count":5,"href":"https:\/\/amatitlan.gob.gt\/2020\/wp-json\/wp\/v2\/pages\/476\/revisions"}],"predecessor-version":[{"id":2613,"href":"https:\/\/amatitlan.gob.gt\/2020\/wp-json\/wp\/v2\/pages\/476\/revisions\/2613"}],"wp:featuredmedia":[{"embeddable":true,"href":"https:\/\/amatitlan.gob.gt\/2020\/wp-json\/wp\/v2\/media\/472"}],"wp:attachment":[{"href":"https:\/\/amatitlan.gob.gt\/2020\/wp-json\/wp\/v2\/media?parent=476"}],"curies":[{"name":"wp","href":"https:\/\/api.w.org\/{rel}","templated":true}]}}