{"id":407,"date":"2017-06-19T23:19:13","date_gmt":"2017-06-19T23:19:13","guid":{"rendered":"http:\/\/www.mvpthemes.com\/zoxnews\/?page_id=5"},"modified":"2023-11-08T11:01:09","modified_gmt":"2023-11-08T17:01:09","slug":"home","status":"publish","type":"page","link":"https:\/\/amatitlan.gob.gt\/2020\/home\/","title":{"rendered":"Home"},"content":{"rendered":"\t\t<div data-elementor-type=\"wp-page\" data-elementor-id=\"407\" class=\"elementor elementor-407\" data-elementor-post-type=\"page\">\n\t\t\t\t\t\t<section class=\"elementor-section elementor-top-section elementor-element elementor-element-b8b0fce elementor-section-full_width elementor-section-height-default elementor-section-height-default\" data-id=\"b8b0fce\" data-element_type=\"section\">\n\t\t\t\t\t\t<div class=\"elementor-container elementor-column-gap-default\">\n\t\t\t\t\t<div class=\"elementor-column elementor-col-50 elementor-top-column elementor-element elementor-element-f783b5b\" data-id=\"f783b5b\" data-element_type=\"column\">\n\t\t\t<div class=\"elementor-widget-wrap elementor-element-populated\">\n\t\t\t\t\t\t<div class=\"elementor-element elementor-element-06f6f65 elementor-widget elementor-widget-shortcode\" data-id=\"06f6f65\" data-element_type=\"widget\" data-widget_type=\"shortcode.default\">\n\t\t\t\t<div class=\"elementor-widget-container\">\n\t\t\t\t\t\t\t<div class=\"elementor-shortcode\"><\/div>\n\t\t\t\t\t\t<\/div>\n\t\t\t\t<\/div>\n\t\t\t\t\t<\/div>\n\t\t<\/div>\n\t\t\t\t<div class=\"elementor-column elementor-col-50 elementor-top-column elementor-element elementor-element-6d8729f\" data-id=\"6d8729f\" data-element_type=\"column\">\n\t\t\t<div class=\"elementor-widget-wrap elementor-element-populated\">\n\t\t\t\t\t\t<div class=\"elementor-element elementor-element-66aafb8 elementor-widget elementor-widget-shortcode\" data-id=\"66aafb8\" data-element_type=\"widget\" data-widget_type=\"shortcode.default\">\n\t\t\t\t<div class=\"elementor-widget-container\">\n\t\t\t\t\t\t\t<div class=\"elementor-shortcode\"><\/div>\n\t\t\t\t\t\t<\/div>\n\t\t\t\t<\/div>\n\t\t\t\t\t<\/div>\n\t\t<\/div>\n\t\t\t\t\t<\/div>\n\t\t<\/section>\n\t\t\t\t<section class=\"elementor-section elementor-top-section elementor-element elementor-element-624b0e6 elementor-section-full_width elementor-section-height-default elementor-section-height-default\" data-id=\"624b0e6\" data-element_type=\"section\">\n\t\t\t\t\t\t<div class=\"elementor-container elementor-column-gap-default\">\n\t\t\t\t\t<div class=\"elementor-column elementor-col-20 elementor-top-column elementor-element elementor-element-a41e1d8\" data-id=\"a41e1d8\" data-element_type=\"column\">\n\t\t\t<div class=\"elementor-widget-wrap elementor-element-populated\">\n\t\t\t\t\t\t<div class=\"elementor-element elementor-element-93cc348 elementor-widget elementor-widget-image\" data-id=\"93cc348\" data-element_type=\"widget\" data-widget_type=\"image.default\">\n\t\t\t\t<div class=\"elementor-widget-container\">\n\t\t\t\t\t\t\t\t\t\t\t\t\t\t\t\t<a href=\"https:\/\/amatitlan.gob.gt\/2020\/informacion-publica-2\/\">\n\t\t\t\t\t\t\t<img fetchpriority=\"high\" decoding=\"async\" width=\"450\" height=\"192\" src=\"https:\/\/amatitlan.gob.gt\/2020\/wp-content\/uploads\/2021\/09\/btn-informacion-publica.jpg\" class=\"attachment-large size-large wp-image-3415\" alt=\"Informaci\u00f3n P\u00fablica\" srcset=\"https:\/\/amatitlan.gob.gt\/2020\/wp-content\/uploads\/2021\/09\/btn-informacion-publica.jpg 450w, https:\/\/amatitlan.gob.gt\/2020\/wp-content\/uploads\/2021\/09\/btn-informacion-publica-300x128.jpg 300w\" sizes=\"(max-width: 450px) 100vw, 450px\" \/>\t\t\t\t\t\t\t\t<\/a>\n\t\t\t\t\t\t\t\t\t\t\t\t\t\t\t<\/div>\n\t\t\t\t<\/div>\n\t\t\t\t\t<\/div>\n\t\t<\/div>\n\t\t\t\t<div class=\"elementor-column elementor-col-20 elementor-top-column elementor-element elementor-element-4cb29f1\" data-id=\"4cb29f1\" data-element_type=\"column\">\n\t\t\t<div class=\"elementor-widget-wrap elementor-element-populated\">\n\t\t\t\t\t\t<div class=\"elementor-element elementor-element-c0d77ab elementor-widget elementor-widget-image\" data-id=\"c0d77ab\" data-element_type=\"widget\" data-widget_type=\"image.default\">\n\t\t\t\t<div class=\"elementor-widget-container\">\n\t\t\t\t\t\t\t\t\t\t\t\t\t\t\t\t<a href=\"https:\/\/www.facebook.com\/pmtoficialamatitlan\/\">\n\t\t\t\t\t\t\t<img decoding=\"async\" width=\"450\" height=\"192\" src=\"https:\/\/amatitlan.gob.gt\/2020\/wp-content\/uploads\/2021\/09\/btn-PMT.jpg\" class=\"attachment-large size-large wp-image-3416\" alt=\"Polic\u00eda Municipal de Tr\u00e1nsito\" srcset=\"https:\/\/amatitlan.gob.gt\/2020\/wp-content\/uploads\/2021\/09\/btn-PMT.jpg 450w, https:\/\/amatitlan.gob.gt\/2020\/wp-content\/uploads\/2021\/09\/btn-PMT-300x128.jpg 300w\" sizes=\"(max-width: 450px) 100vw, 450px\" \/>\t\t\t\t\t\t\t\t<\/a>\n\t\t\t\t\t\t\t\t\t\t\t\t\t\t\t<\/div>\n\t\t\t\t<\/div>\n\t\t\t\t\t<\/div>\n\t\t<\/div>\n\t\t\t\t<div class=\"elementor-column elementor-col-20 elementor-top-column elementor-element elementor-element-e91bec0\" data-id=\"e91bec0\" data-element_type=\"column\">\n\t\t\t<div class=\"elementor-widget-wrap elementor-element-populated\">\n\t\t\t\t\t\t<div class=\"elementor-element elementor-element-19e2dc6 elementor-widget elementor-widget-image\" data-id=\"19e2dc6\" data-element_type=\"widget\" data-widget_type=\"image.default\">\n\t\t\t\t<div class=\"elementor-widget-container\">\n\t\t\t\t\t\t\t\t\t\t\t\t\t\t\t\t<a href=\"https:\/\/www.facebook.com\/brenda.vielman.188\">\n\t\t\t\t\t\t\t<img decoding=\"async\" width=\"450\" height=\"192\" src=\"https:\/\/amatitlan.gob.gt\/2020\/wp-content\/uploads\/2021\/09\/btn_DMM.jpg\" class=\"attachment-large size-large wp-image-3412\" alt=\"DMM\" srcset=\"https:\/\/amatitlan.gob.gt\/2020\/wp-content\/uploads\/2021\/09\/btn_DMM.jpg 450w, https:\/\/amatitlan.gob.gt\/2020\/wp-content\/uploads\/2021\/09\/btn_DMM-300x128.jpg 300w\" sizes=\"(max-width: 450px) 100vw, 450px\" \/>\t\t\t\t\t\t\t\t<\/a>\n\t\t\t\t\t\t\t\t\t\t\t\t\t\t\t<\/div>\n\t\t\t\t<\/div>\n\t\t\t\t\t<\/div>\n\t\t<\/div>\n\t\t\t\t<div class=\"elementor-column elementor-col-20 elementor-top-column elementor-element elementor-element-00cf174\" data-id=\"00cf174\" data-element_type=\"column\">\n\t\t\t<div class=\"elementor-widget-wrap elementor-element-populated\">\n\t\t\t\t\t\t<div class=\"elementor-element elementor-element-d62e1f5 elementor-widget elementor-widget-image\" data-id=\"d62e1f5\" data-element_type=\"widget\" data-widget_type=\"image.default\">\n\t\t\t\t<div class=\"elementor-widget-container\">\n\t\t\t\t\t\t\t\t\t\t\t\t\t\t\t\t<a href=\"https:\/\/amatitlan.gob.gt\/2020\/dosea\/\">\n\t\t\t\t\t\t\t<img loading=\"lazy\" decoding=\"async\" width=\"450\" height=\"192\" src=\"https:\/\/amatitlan.gob.gt\/2020\/wp-content\/uploads\/2021\/09\/btn_DOSEA.jpg\" class=\"attachment-large size-large wp-image-3413\" alt=\"DOSEA\" srcset=\"https:\/\/amatitlan.gob.gt\/2020\/wp-content\/uploads\/2021\/09\/btn_DOSEA.jpg 450w, https:\/\/amatitlan.gob.gt\/2020\/wp-content\/uploads\/2021\/09\/btn_DOSEA-300x128.jpg 300w\" sizes=\"(max-width: 450px) 100vw, 450px\" \/>\t\t\t\t\t\t\t\t<\/a>\n\t\t\t\t\t\t\t\t\t\t\t\t\t\t\t<\/div>\n\t\t\t\t<\/div>\n\t\t\t\t\t<\/div>\n\t\t<\/div>\n\t\t\t\t<div class=\"elementor-column elementor-col-20 elementor-top-column elementor-element elementor-element-0088a9d\" data-id=\"0088a9d\" data-element_type=\"column\">\n\t\t\t<div class=\"elementor-widget-wrap elementor-element-populated\">\n\t\t\t\t\t\t<div class=\"elementor-element elementor-element-58d032a elementor-widget elementor-widget-image\" data-id=\"58d032a\" data-element_type=\"widget\" data-widget_type=\"image.default\">\n\t\t\t\t<div class=\"elementor-widget-container\">\n\t\t\t\t\t\t\t\t\t\t\t\t\t\t\t\t<a href=\"https:\/\/amatitlan.gob.gt\/2020\/consultas-en-linea\/\">\n\t\t\t\t\t\t\t<img loading=\"lazy\" decoding=\"async\" width=\"450\" height=\"192\" src=\"https:\/\/amatitlan.gob.gt\/2020\/wp-content\/uploads\/2021\/09\/btn-consulta-en-linea.jpg\" class=\"attachment-large size-large wp-image-3414\" alt=\"Consultas en l\u00ednea\" srcset=\"https:\/\/amatitlan.gob.gt\/2020\/wp-content\/uploads\/2021\/09\/btn-consulta-en-linea.jpg 450w, https:\/\/amatitlan.gob.gt\/2020\/wp-content\/uploads\/2021\/09\/btn-consulta-en-linea-300x128.jpg 300w\" sizes=\"(max-width: 450px) 100vw, 450px\" \/>\t\t\t\t\t\t\t\t<\/a>\n\t\t\t\t\t\t\t\t\t\t\t\t\t\t\t<\/div>\n\t\t\t\t<\/div>\n\t\t\t\t\t<\/div>\n\t\t<\/div>\n\t\t\t\t\t<\/div>\n\t\t<\/section>\n\t\t\t\t<section class=\"elementor-section elementor-top-section elementor-element elementor-element-0c57ed0 elementor-section-full_width elementor-section-height-default elementor-section-height-default\" data-id=\"0c57ed0\" data-element_type=\"section\">\n\t\t\t\t\t\t<div class=\"elementor-container elementor-column-gap-default\">\n\t\t\t\t\t<div class=\"elementor-column elementor-col-66 elementor-top-column elementor-element elementor-element-1177878\" data-id=\"1177878\" data-element_type=\"column\">\n\t\t\t<div class=\"elementor-widget-wrap elementor-element-populated\">\n\t\t\t\t\t\t<div class=\"elementor-element elementor-element-ca5da54 elementor-widget elementor-widget-heading\" data-id=\"ca5da54\" data-element_type=\"widget\" data-widget_type=\"heading.default\">\n\t\t\t\t<div class=\"elementor-widget-container\">\n\t\t\t\t\t<h4 class=\"elementor-heading-title elementor-size-default\">REDES SOCIALES<\/h4>\t\t\t\t<\/div>\n\t\t\t\t<\/div>\n\t\t\t\t\t<\/div>\n\t\t<\/div>\n\t\t\t\t<div class=\"elementor-column elementor-col-33 elementor-top-column elementor-element elementor-element-edaa51e\" data-id=\"edaa51e\" data-element_type=\"column\">\n\t\t\t<div class=\"elementor-widget-wrap elementor-element-populated\">\n\t\t\t\t\t\t<div class=\"elementor-element elementor-element-84391cf elementor-widget elementor-widget-wp-widget-search\" data-id=\"84391cf\" data-element_type=\"widget\" data-widget_type=\"wp-widget-search.default\">\n\t\t\t\t<div class=\"elementor-widget-container\">\n\t\t\t\t\t<form role=\"search\" method=\"get\" id=\"searchform\" action=\"https:\/\/amatitlan.gob.gt\/2020\/\">\r\n  <div class=\"input-group\">\r\n    <input type=\"search\" class=\"form-control\" placeholder=\"Buscar\" value=\"\" name=\"s\" \/>\r\n    <span class=\"input-group-btn btn-default\">\r\n    <button type=\"submit\" class=\"btn\"> <i class=\"fa fa-search\"><\/i> <\/button>\r\n    <\/span> <\/div>\r\n<\/form>\t\t\t\t<\/div>\n\t\t\t\t<\/div>\n\t\t\t\t\t<\/div>\n\t\t<\/div>\n\t\t\t\t\t<\/div>\n\t\t<\/section>\n\t\t\t\t<section class=\"elementor-section elementor-top-section elementor-element elementor-element-f2b2ac9 elementor-section-full_width elementor-section-height-default elementor-section-height-default\" data-id=\"f2b2ac9\" data-element_type=\"section\">\n\t\t\t\t\t\t<div class=\"elementor-container elementor-column-gap-custom\">\n\t\t\t\t\t<div class=\"elementor-column elementor-col-33 elementor-top-column elementor-element elementor-element-0dbffd8\" data-id=\"0dbffd8\" data-element_type=\"column\">\n\t\t\t<div class=\"elementor-widget-wrap elementor-element-populated\">\n\t\t\t\t\t\t<div class=\"elementor-element elementor-element-1136ab6 elementor-widget elementor-widget-shortcode\" data-id=\"1136ab6\" data-element_type=\"widget\" data-widget_type=\"shortcode.default\">\n\t\t\t\t<div class=\"elementor-widget-container\">\n\t\t\t\t\t\t\t<div class=\"elementor-shortcode\"><div data-mc-src=\"7079b6c2-4e7e-4c84-a4cd-2000fecda812#facebook\"><\/div>\n        \n<script \n  src=\"https:\/\/cdn2.woxo.tech\/a.js#644049d3d8ae412011f12182\" \n  async data-usrc>\n<\/script><\/div>\n\t\t\t\t\t\t<\/div>\n\t\t\t\t<\/div>\n\t\t\t\t\t<\/div>\n\t\t<\/div>\n\t\t\t\t<div class=\"elementor-column elementor-col-33 elementor-top-column elementor-element elementor-element-b94d1e8\" data-id=\"b94d1e8\" data-element_type=\"column\">\n\t\t\t<div class=\"elementor-widget-wrap elementor-element-populated\">\n\t\t\t\t\t\t<div class=\"elementor-element elementor-element-9dc4f12 elementor-widget elementor-widget-shortcode\" data-id=\"9dc4f12\" data-element_type=\"widget\" data-widget_type=\"shortcode.default\">\n\t\t\t\t<div class=\"elementor-widget-container\">\n\t\t\t\t\t\t\t<div class=\"elementor-shortcode\"><div data-mc-src=\"d700a931-3ccf-4545-bf36-7917d4d7c9f7#twitter\"><\/div>\n        \n<script \n  src=\"https:\/\/cdn2.woxo.tech\/a.js#644049d3d8ae412011f12182\" \n  async data-usrc>\n<\/script><\/div>\n\t\t\t\t\t\t<\/div>\n\t\t\t\t<\/div>\n\t\t\t\t\t<\/div>\n\t\t<\/div>\n\t\t\t\t<div class=\"elementor-column elementor-col-33 elementor-top-column elementor-element elementor-element-1a7bf15\" data-id=\"1a7bf15\" data-element_type=\"column\">\n\t\t\t<div class=\"elementor-widget-wrap elementor-element-populated\">\n\t\t\t\t\t\t<div class=\"elementor-element elementor-element-1aad269 elementor-widget elementor-widget-image\" data-id=\"1aad269\" data-element_type=\"widget\" data-widget_type=\"image.default\">\n\t\t\t\t<div class=\"elementor-widget-container\">\n\t\t\t\t\t\t\t\t\t\t\t\t<figure class=\"wp-caption\">\n\t\t\t\t\t\t\t\t\t\t\t<a href=\"https:\/\/issuu.com\/muniamatitlan123456789\/docs\/codigo_etica_y_conducta_medio_oficio?utm_medium=referral&#038;utm_source=amatitlan.gob.gt\" target=\"_blank\">\n\t\t\t\t\t\t\t<img decoding=\"async\" src=\"https:\/\/amatitlan.gob.gt\/2020\/wp-content\/uploads\/elementor\/thumbs\/Codigo-de-etica-Municipalidad-Amatitlan-pnnwemtyzql6tefphojk6815mnxo0ws7zhbvid027e.jpeg\" title=\"Codigo-de-etica-Municipalidad-Amatitlan\" alt=\"C\u00f3digo de \u00e9tica Municipalidad de Amatitl\u00e1n\" loading=\"lazy\" \/>\t\t\t\t\t\t\t\t<\/a>\n\t\t\t\t\t\t\t\t\t\t\t<figcaption class=\"widget-image-caption wp-caption-text\">C\u00d3DIGO DE \u00c9TICA<\/figcaption>\n\t\t\t\t\t\t\t\t\t\t<\/figure>\n\t\t\t\t\t\t\t\t\t<\/div>\n\t\t\t\t<\/div>\n\t\t\t\t<div class=\"elementor-element elementor-element-1a904a0 elementor-widget elementor-widget-image\" data-id=\"1a904a0\" data-element_type=\"widget\" data-widget_type=\"image.default\">\n\t\t\t\t<div class=\"elementor-widget-container\">\n\t\t\t\t\t\t\t\t\t\t\t\t<figure class=\"wp-caption\">\n\t\t\t\t\t\t\t\t\t\t\t<a href=\"https:\/\/amatitlan.gob.gt\/2020\/listado-de-memoria-de-labores\/\" target=\"_blank\">\n\t\t\t\t\t\t\t<img decoding=\"async\" src=\"https:\/\/amatitlan.gob.gt\/2020\/wp-content\/uploads\/elementor\/thumbs\/Memoria-Labores2021-pm94mw06bbp4gw8jsdobvk59syi59icu0zan8axtzq.jpg\" title=\"Memoria-Labores2021\" alt=\"Informe de labores 2021\" loading=\"lazy\" \/>\t\t\t\t\t\t\t\t<\/a>\n\t\t\t\t\t\t\t\t\t\t\t<figcaption class=\"widget-image-caption wp-caption-text\">INFORME DE LABORES<\/figcaption>\n\t\t\t\t\t\t\t\t\t\t<\/figure>\n\t\t\t\t\t\t\t\t\t<\/div>\n\t\t\t\t<\/div>\n\t\t\t\t<div class=\"elementor-element elementor-element-8695dd7 elementor-widget elementor-widget-image\" data-id=\"8695dd7\" data-element_type=\"widget\" data-widget_type=\"image.default\">\n\t\t\t\t<div class=\"elementor-widget-container\">\n\t\t\t\t\t\t\t\t\t\t\t\t<figure class=\"wp-caption\">\n\t\t\t\t\t\t\t\t\t\t\t<a href=\"https:\/\/amatitlan.gob.gt\/2020\/monografia-de-amatitlan\" target=\"_blank\">\n\t\t\t\t\t\t\t<img decoding=\"async\" src=\"https:\/\/amatitlan.gob.gt\/2020\/wp-content\/uploads\/elementor\/thumbs\/Monografia-pci55unfgbbpxyii7a01871j49iujw1q8ohfudnoog.jpg\" title=\"Monografia\" alt=\"Monograf\u00eda Tierra de Amates\" loading=\"lazy\" \/>\t\t\t\t\t\t\t\t<\/a>\n\t\t\t\t\t\t\t\t\t\t\t<figcaption class=\"widget-image-caption wp-caption-text\">MONOGRAF\u00cdA<\/figcaption>\n\t\t\t\t\t\t\t\t\t\t<\/figure>\n\t\t\t\t\t\t\t\t\t<\/div>\n\t\t\t\t<\/div>\n\t\t\t\t<div class=\"elementor-element elementor-element-f6dfc67 elementor-widget elementor-widget-image\" data-id=\"f6dfc67\" data-element_type=\"widget\" data-widget_type=\"image.default\">\n\t\t\t\t<div class=\"elementor-widget-container\">\n\t\t\t\t\t\t\t\t\t\t\t\t<figure class=\"wp-caption\">\n\t\t\t\t\t\t\t\t\t\t\t<a href=\"https:\/\/issuu.com\/muniamatitlan123456789\/docs\/obras-muni-amatitlan-20-24\" target=\"_blank\">\n\t\t\t\t\t\t\t<img decoding=\"async\" src=\"https:\/\/amatitlan.gob.gt\/2020\/wp-content\/uploads\/elementor\/thumbs\/Obras-Municipalidad-Amatitlan-2022-2024-q0j6shahnitxhw7dmbt4sv0po92w6jw5np6fkljmza.jpg\" title=\"Obras-Municipalidad-Amatitlan-2022-2024\" alt=\"Obras de la Municipalidad de Amatitl\u00e1n\" loading=\"lazy\" \/>\t\t\t\t\t\t\t\t<\/a>\n\t\t\t\t\t\t\t\t\t\t\t<figcaption class=\"widget-image-caption wp-caption-text\">OBRAS 2022<\/figcaption>\n\t\t\t\t\t\t\t\t\t\t<\/figure>\n\t\t\t\t\t\t\t\t\t<\/div>\n\t\t\t\t<\/div>\n\t\t\t\t\t<\/div>\n\t\t<\/div>\n\t\t\t\t\t<\/div>\n\t\t<\/section>\n\t\t\t\t<\/div>\n\t\t","protected":false},"excerpt":{"rendered":"<p>REDES SOCIALES C\u00d3DIGO DE \u00c9TICA INFORME DE LABORES MONOGRAF\u00cdA OBRAS 2022<\/p>\n","protected":false},"author":3,"featured_media":0,"parent":0,"menu_order":0,"comment_status":"closed","ping_status":"closed","template":"templates\/fullwidth.php","meta":{"disable_featured_image":false,"footnotes":""},"class_list":["post-407","page","type-page","status-publish","hentry"],"yoast_head":"<!-- This site is optimized with the Yoast SEO plugin v24.5 - https:\/\/yoast.com\/wordpress\/plugins\/seo\/ -->\n<title>Home - Municipalidad de Amatitl\u00e1n<\/title>\n<meta name=\"robots\" content=\"index, follow, max-snippet:-1, max-image-preview:large, max-video-preview:-1\" \/>\n<link rel=\"canonical\" href=\"https:\/\/amatitlan.gob.gt\/2020\/home\/\" \/>\n<meta property=\"og:locale\" content=\"es_ES\" \/>\n<meta property=\"og:type\" content=\"article\" \/>\n<meta property=\"og:title\" content=\"Home - Municipalidad de Amatitl\u00e1n\" \/>\n<meta property=\"og:description\" content=\"REDES SOCIALES C\u00d3DIGO DE \u00c9TICA INFORME DE LABORES MONOGRAF\u00cdA OBRAS 2022\" \/>\n<meta property=\"og:url\" content=\"https:\/\/amatitlan.gob.gt\/2020\/home\/\" \/>\n<meta property=\"og:site_name\" content=\"Municipalidad de Amatitl\u00e1n\" \/>\n<meta property=\"article:modified_time\" content=\"2023-11-08T17:01:09+00:00\" \/>\n<meta property=\"og:image\" content=\"https:\/\/amatitlan.gob.gt\/2020\/wp-content\/uploads\/2021\/09\/btn-informacion-publica.jpg\" \/>\n<meta name=\"twitter:card\" content=\"summary_large_image\" \/>\n<meta name=\"twitter:label1\" content=\"Tiempo de lectura\" \/>\n\t<meta name=\"twitter:data1\" content=\"2 minutos\" \/>\n<script type=\"application\/ld+json\" class=\"yoast-schema-graph\">{\"@context\":\"https:\/\/schema.org\",\"@graph\":[{\"@type\":\"WebPage\",\"@id\":\"https:\/\/amatitlan.gob.gt\/2020\/home\/\",\"url\":\"https:\/\/amatitlan.gob.gt\/2020\/home\/\",\"name\":\"Home - Municipalidad de Amatitl\u00e1n\",\"isPartOf\":{\"@id\":\"https:\/\/amatitlan.gob.gt\/2020\/#website\"},\"primaryImageOfPage\":{\"@id\":\"https:\/\/amatitlan.gob.gt\/2020\/home\/#primaryimage\"},\"image\":{\"@id\":\"https:\/\/amatitlan.gob.gt\/2020\/home\/#primaryimage\"},\"thumbnailUrl\":\"https:\/\/amatitlan.gob.gt\/2020\/wp-content\/uploads\/2021\/09\/btn-informacion-publica.jpg\",\"datePublished\":\"2017-06-19T23:19:13+00:00\",\"dateModified\":\"2023-11-08T17:01:09+00:00\",\"breadcrumb\":{\"@id\":\"https:\/\/amatitlan.gob.gt\/2020\/home\/#breadcrumb\"},\"inLanguage\":\"es\",\"potentialAction\":[{\"@type\":\"ReadAction\",\"target\":[\"https:\/\/amatitlan.gob.gt\/2020\/home\/\"]}]},{\"@type\":\"ImageObject\",\"inLanguage\":\"es\",\"@id\":\"https:\/\/amatitlan.gob.gt\/2020\/home\/#primaryimage\",\"url\":\"https:\/\/amatitlan.gob.gt\/2020\/wp-content\/uploads\/2021\/09\/btn-informacion-publica.jpg\",\"contentUrl\":\"https:\/\/amatitlan.gob.gt\/2020\/wp-content\/uploads\/2021\/09\/btn-informacion-publica.jpg\",\"width\":450,\"height\":192,\"caption\":\"Informaci\u00f3n P\u00fablica\"},{\"@type\":\"BreadcrumbList\",\"@id\":\"https:\/\/amatitlan.gob.gt\/2020\/home\/#breadcrumb\",\"itemListElement\":[{\"@type\":\"ListItem\",\"position\":1,\"name\":\"Portada\",\"item\":\"https:\/\/amatitlan.gob.gt\/2020\/\"},{\"@type\":\"ListItem\",\"position\":2,\"name\":\"Home\"}]},{\"@type\":\"WebSite\",\"@id\":\"https:\/\/amatitlan.gob.gt\/2020\/#website\",\"url\":\"https:\/\/amatitlan.gob.gt\/2020\/\",\"name\":\"Municipalidad de Amatitl\u00e1n\",\"description\":\"Gobierno Municipal 2024-2028\",\"publisher\":{\"@id\":\"https:\/\/amatitlan.gob.gt\/2020\/#organization\"},\"potentialAction\":[{\"@type\":\"SearchAction\",\"target\":{\"@type\":\"EntryPoint\",\"urlTemplate\":\"https:\/\/amatitlan.gob.gt\/2020\/?s={search_term_string}\"},\"query-input\":{\"@type\":\"PropertyValueSpecification\",\"valueRequired\":true,\"valueName\":\"search_term_string\"}}],\"inLanguage\":\"es\"},{\"@type\":\"Organization\",\"@id\":\"https:\/\/amatitlan.gob.gt\/2020\/#organization\",\"name\":\"Municipalidad de Amatitl\u00e1n\",\"url\":\"https:\/\/amatitlan.gob.gt\/2020\/\",\"logo\":{\"@type\":\"ImageObject\",\"inLanguage\":\"es\",\"@id\":\"https:\/\/amatitlan.gob.gt\/2020\/#\/schema\/logo\/image\/\",\"url\":\"https:\/\/amatitlan.gob.gt\/2020\/wp-content\/uploads\/2024\/01\/cropped-Logo-Muni-2024.png\",\"contentUrl\":\"https:\/\/amatitlan.gob.gt\/2020\/wp-content\/uploads\/2024\/01\/cropped-Logo-Muni-2024.png\",\"width\":613,\"height\":343,\"caption\":\"Municipalidad de Amatitl\u00e1n\"},\"image\":{\"@id\":\"https:\/\/amatitlan.gob.gt\/2020\/#\/schema\/logo\/image\/\"}}]}<\/script>\n<!-- \/ Yoast SEO plugin. -->","yoast_head_json":{"title":"Home - Municipalidad de Amatitl\u00e1n","robots":{"index":"index","follow":"follow","max-snippet":"max-snippet:-1","max-image-preview":"max-image-preview:large","max-video-preview":"max-video-preview:-1"},"canonical":"https:\/\/amatitlan.gob.gt\/2020\/home\/","og_locale":"es_ES","og_type":"article","og_title":"Home - Municipalidad de Amatitl\u00e1n","og_description":"REDES SOCIALES C\u00d3DIGO DE \u00c9TICA INFORME DE LABORES MONOGRAF\u00cdA OBRAS 2022","og_url":"https:\/\/amatitlan.gob.gt\/2020\/home\/","og_site_name":"Municipalidad de Amatitl\u00e1n","article_modified_time":"2023-11-08T17:01:09+00:00","og_image":[{"url":"https:\/\/amatitlan.gob.gt\/2020\/wp-content\/uploads\/2021\/09\/btn-informacion-publica.jpg","type":"","width":"","height":""}],"twitter_card":"summary_large_image","twitter_misc":{"Tiempo de lectura":"2 minutos"},"schema":{"@context":"https:\/\/schema.org","@graph":[{"@type":"WebPage","@id":"https:\/\/amatitlan.gob.gt\/2020\/home\/","url":"https:\/\/amatitlan.gob.gt\/2020\/home\/","name":"Home - Municipalidad de Amatitl\u00e1n","isPartOf":{"@id":"https:\/\/amatitlan.gob.gt\/2020\/#website"},"primaryImageOfPage":{"@id":"https:\/\/amatitlan.gob.gt\/2020\/home\/#primaryimage"},"image":{"@id":"https:\/\/amatitlan.gob.gt\/2020\/home\/#primaryimage"},"thumbnailUrl":"https:\/\/amatitlan.gob.gt\/2020\/wp-content\/uploads\/2021\/09\/btn-informacion-publica.jpg","datePublished":"2017-06-19T23:19:13+00:00","dateModified":"2023-11-08T17:01:09+00:00","breadcrumb":{"@id":"https:\/\/amatitlan.gob.gt\/2020\/home\/#breadcrumb"},"inLanguage":"es","potentialAction":[{"@type":"ReadAction","target":["https:\/\/amatitlan.gob.gt\/2020\/home\/"]}]},{"@type":"ImageObject","inLanguage":"es","@id":"https:\/\/amatitlan.gob.gt\/2020\/home\/#primaryimage","url":"https:\/\/amatitlan.gob.gt\/2020\/wp-content\/uploads\/2021\/09\/btn-informacion-publica.jpg","contentUrl":"https:\/\/amatitlan.gob.gt\/2020\/wp-content\/uploads\/2021\/09\/btn-informacion-publica.jpg","width":450,"height":192,"caption":"Informaci\u00f3n P\u00fablica"},{"@type":"BreadcrumbList","@id":"https:\/\/amatitlan.gob.gt\/2020\/home\/#breadcrumb","itemListElement":[{"@type":"ListItem","position":1,"name":"Portada","item":"https:\/\/amatitlan.gob.gt\/2020\/"},{"@type":"ListItem","position":2,"name":"Home"}]},{"@type":"WebSite","@id":"https:\/\/amatitlan.gob.gt\/2020\/#website","url":"https:\/\/amatitlan.gob.gt\/2020\/","name":"Municipalidad de Amatitl\u00e1n","description":"Gobierno Municipal 2024-2028","publisher":{"@id":"https:\/\/amatitlan.gob.gt\/2020\/#organization"},"potentialAction":[{"@type":"SearchAction","target":{"@type":"EntryPoint","urlTemplate":"https:\/\/amatitlan.gob.gt\/2020\/?s={search_term_string}"},"query-input":{"@type":"PropertyValueSpecification","valueRequired":true,"valueName":"search_term_string"}}],"inLanguage":"es"},{"@type":"Organization","@id":"https:\/\/amatitlan.gob.gt\/2020\/#organization","name":"Municipalidad de Amatitl\u00e1n","url":"https:\/\/amatitlan.gob.gt\/2020\/","logo":{"@type":"ImageObject","inLanguage":"es","@id":"https:\/\/amatitlan.gob.gt\/2020\/#\/schema\/logo\/image\/","url":"https:\/\/amatitlan.gob.gt\/2020\/wp-content\/uploads\/2024\/01\/cropped-Logo-Muni-2024.png","contentUrl":"https:\/\/amatitlan.gob.gt\/2020\/wp-content\/uploads\/2024\/01\/cropped-Logo-Muni-2024.png","width":613,"height":343,"caption":"Municipalidad de Amatitl\u00e1n"},"image":{"@id":"https:\/\/amatitlan.gob.gt\/2020\/#\/schema\/logo\/image\/"}}]}},"amp_enabled":false,"_links":{"self":[{"href":"https:\/\/amatitlan.gob.gt\/2020\/wp-json\/wp\/v2\/pages\/407","targetHints":{"allow":["GET"]}}],"collection":[{"href":"https:\/\/amatitlan.gob.gt\/2020\/wp-json\/wp\/v2\/pages"}],"about":[{"href":"https:\/\/amatitlan.gob.gt\/2020\/wp-json\/wp\/v2\/types\/page"}],"author":[{"embeddable":true,"href":"https:\/\/amatitlan.gob.gt\/2020\/wp-json\/wp\/v2\/users\/3"}],"replies":[{"embeddable":true,"href":"https:\/\/amatitlan.gob.gt\/2020\/wp-json\/wp\/v2\/comments?post=407"}],"version-history":[{"count":159,"href":"https:\/\/amatitlan.gob.gt\/2020\/wp-json\/wp\/v2\/pages\/407\/revisions"}],"predecessor-version":[{"id":4899,"href":"https:\/\/amatitlan.gob.gt\/2020\/wp-json\/wp\/v2\/pages\/407\/revisions\/4899"}],"wp:attachment":[{"href":"https:\/\/amatitlan.gob.gt\/2020\/wp-json\/wp\/v2\/media?parent=407"}],"curies":[{"name":"wp","href":"https:\/\/api.w.org\/{rel}","templated":true}]}}