{"id":3563,"date":"2021-09-10T01:05:31","date_gmt":"2021-09-10T01:05:31","guid":{"rendered":"https:\/\/amatitlan.gob.gt\/2020\/?page_id=3563"},"modified":"2024-01-26T11:44:03","modified_gmt":"2024-01-26T17:44:03","slug":"mision","status":"publish","type":"page","link":"https:\/\/amatitlan.gob.gt\/2020\/mision\/","title":{"rendered":"MISI\u00d3N"},"content":{"rendered":"<p>MISI\u00d3N<\/p>\n<p>Somos un Gobierno Municipal que trabaja por el desarrollo integral de su poblaci\u00f3n, a trav\u00e9s de la ejecuci\u00f3n y gesti\u00f3n de programas, proyectos y la prestaci\u00f3n de servicios p\u00fablicos. Conscientes del uso responsable y eficaz de los recursos municipales y recursos naturales, que dignifican a los vecinos amatitlanecos y mejoran su calidad de vida, conservando la calidez humana.<\/p>\n","protected":false},"excerpt":{"rendered":"<p>MISI\u00d3N Somos un Gobierno Municipal que trabaja por el desarrollo integral de su poblaci\u00f3n, a&#8230;<\/p>\n","protected":false},"author":5,"featured_media":0,"parent":0,"menu_order":0,"comment_status":"closed","ping_status":"closed","template":"","meta":{"disable_featured_image":false,"footnotes":""},"class_list":["post-3563","page","type-page","status-publish","hentry"],"yoast_head":"<!-- This site is optimized with the Yoast SEO plugin v24.5 - https:\/\/yoast.com\/wordpress\/plugins\/seo\/ -->\n<title>MISI\u00d3N - Municipalidad de Amatitl\u00e1n<\/title>\n<meta name=\"description\" content=\"SOMOS UN GOBIERNO MUNICIPAL\" \/>\n<meta name=\"robots\" content=\"index, follow, max-snippet:-1, max-image-preview:large, max-video-preview:-1\" \/>\n<link rel=\"canonical\" href=\"https:\/\/amatitlan.gob.gt\/2020\/mision\/\" \/>\n<meta property=\"og:locale\" content=\"es_ES\" \/>\n<meta property=\"og:type\" content=\"article\" \/>\n<meta property=\"og:title\" content=\"MISI\u00d3N - Municipalidad de Amatitl\u00e1n\" \/>\n<meta property=\"og:description\" content=\"SOMOS UN GOBIERNO MUNICIPAL\" \/>\n<meta property=\"og:url\" content=\"https:\/\/amatitlan.gob.gt\/2020\/mision\/\" \/>\n<meta property=\"og:site_name\" content=\"Municipalidad de Amatitl\u00e1n\" \/>\n<meta property=\"article:modified_time\" content=\"2024-01-26T17:44:03+00:00\" \/>\n<meta name=\"twitter:card\" content=\"summary_large_image\" \/>\n<meta name=\"twitter:label1\" content=\"Tiempo de lectura\" \/>\n\t<meta name=\"twitter:data1\" content=\"1 minuto\" \/>\n<script type=\"application\/ld+json\" class=\"yoast-schema-graph\">{\"@context\":\"https:\/\/schema.org\",\"@graph\":[{\"@type\":\"WebPage\",\"@id\":\"https:\/\/amatitlan.gob.gt\/2020\/mision\/\",\"url\":\"https:\/\/amatitlan.gob.gt\/2020\/mision\/\",\"name\":\"MISI\u00d3N - Municipalidad de Amatitl\u00e1n\",\"isPartOf\":{\"@id\":\"https:\/\/amatitlan.gob.gt\/2020\/#website\"},\"datePublished\":\"2021-09-10T01:05:31+00:00\",\"dateModified\":\"2024-01-26T17:44:03+00:00\",\"description\":\"SOMOS UN GOBIERNO MUNICIPAL\",\"breadcrumb\":{\"@id\":\"https:\/\/amatitlan.gob.gt\/2020\/mision\/#breadcrumb\"},\"inLanguage\":\"es\",\"potentialAction\":[{\"@type\":\"ReadAction\",\"target\":[\"https:\/\/amatitlan.gob.gt\/2020\/mision\/\"]}]},{\"@type\":\"BreadcrumbList\",\"@id\":\"https:\/\/amatitlan.gob.gt\/2020\/mision\/#breadcrumb\",\"itemListElement\":[{\"@type\":\"ListItem\",\"position\":1,\"name\":\"Portada\",\"item\":\"https:\/\/amatitlan.gob.gt\/2020\/\"},{\"@type\":\"ListItem\",\"position\":2,\"name\":\"MISI\u00d3N\"}]},{\"@type\":\"WebSite\",\"@id\":\"https:\/\/amatitlan.gob.gt\/2020\/#website\",\"url\":\"https:\/\/amatitlan.gob.gt\/2020\/\",\"name\":\"Municipalidad de Amatitl\u00e1n\",\"description\":\"Gobierno Municipal 2024-2028\",\"publisher\":{\"@id\":\"https:\/\/amatitlan.gob.gt\/2020\/#organization\"},\"potentialAction\":[{\"@type\":\"SearchAction\",\"target\":{\"@type\":\"EntryPoint\",\"urlTemplate\":\"https:\/\/amatitlan.gob.gt\/2020\/?s={search_term_string}\"},\"query-input\":{\"@type\":\"PropertyValueSpecification\",\"valueRequired\":true,\"valueName\":\"search_term_string\"}}],\"inLanguage\":\"es\"},{\"@type\":\"Organization\",\"@id\":\"https:\/\/amatitlan.gob.gt\/2020\/#organization\",\"name\":\"Municipalidad de Amatitl\u00e1n\",\"url\":\"https:\/\/amatitlan.gob.gt\/2020\/\",\"logo\":{\"@type\":\"ImageObject\",\"inLanguage\":\"es\",\"@id\":\"https:\/\/amatitlan.gob.gt\/2020\/#\/schema\/logo\/image\/\",\"url\":\"https:\/\/amatitlan.gob.gt\/2020\/wp-content\/uploads\/2024\/01\/cropped-Logo-Muni-2024.png\",\"contentUrl\":\"https:\/\/amatitlan.gob.gt\/2020\/wp-content\/uploads\/2024\/01\/cropped-Logo-Muni-2024.png\",\"width\":613,\"height\":343,\"caption\":\"Municipalidad de Amatitl\u00e1n\"},\"image\":{\"@id\":\"https:\/\/amatitlan.gob.gt\/2020\/#\/schema\/logo\/image\/\"}}]}<\/script>\n<!-- \/ Yoast SEO plugin. -->","yoast_head_json":{"title":"MISI\u00d3N - Municipalidad de Amatitl\u00e1n","description":"SOMOS UN GOBIERNO MUNICIPAL","robots":{"index":"index","follow":"follow","max-snippet":"max-snippet:-1","max-image-preview":"max-image-preview:large","max-video-preview":"max-video-preview:-1"},"canonical":"https:\/\/amatitlan.gob.gt\/2020\/mision\/","og_locale":"es_ES","og_type":"article","og_title":"MISI\u00d3N - Municipalidad de Amatitl\u00e1n","og_description":"SOMOS UN GOBIERNO MUNICIPAL","og_url":"https:\/\/amatitlan.gob.gt\/2020\/mision\/","og_site_name":"Municipalidad de Amatitl\u00e1n","article_modified_time":"2024-01-26T17:44:03+00:00","twitter_card":"summary_large_image","twitter_misc":{"Tiempo de lectura":"1 minuto"},"schema":{"@context":"https:\/\/schema.org","@graph":[{"@type":"WebPage","@id":"https:\/\/amatitlan.gob.gt\/2020\/mision\/","url":"https:\/\/amatitlan.gob.gt\/2020\/mision\/","name":"MISI\u00d3N - Municipalidad de Amatitl\u00e1n","isPartOf":{"@id":"https:\/\/amatitlan.gob.gt\/2020\/#website"},"datePublished":"2021-09-10T01:05:31+00:00","dateModified":"2024-01-26T17:44:03+00:00","description":"SOMOS UN GOBIERNO MUNICIPAL","breadcrumb":{"@id":"https:\/\/amatitlan.gob.gt\/2020\/mision\/#breadcrumb"},"inLanguage":"es","potentialAction":[{"@type":"ReadAction","target":["https:\/\/amatitlan.gob.gt\/2020\/mision\/"]}]},{"@type":"BreadcrumbList","@id":"https:\/\/amatitlan.gob.gt\/2020\/mision\/#breadcrumb","itemListElement":[{"@type":"ListItem","position":1,"name":"Portada","item":"https:\/\/amatitlan.gob.gt\/2020\/"},{"@type":"ListItem","position":2,"name":"MISI\u00d3N"}]},{"@type":"WebSite","@id":"https:\/\/amatitlan.gob.gt\/2020\/#website","url":"https:\/\/amatitlan.gob.gt\/2020\/","name":"Municipalidad de Amatitl\u00e1n","description":"Gobierno Municipal 2024-2028","publisher":{"@id":"https:\/\/amatitlan.gob.gt\/2020\/#organization"},"potentialAction":[{"@type":"SearchAction","target":{"@type":"EntryPoint","urlTemplate":"https:\/\/amatitlan.gob.gt\/2020\/?s={search_term_string}"},"query-input":{"@type":"PropertyValueSpecification","valueRequired":true,"valueName":"search_term_string"}}],"inLanguage":"es"},{"@type":"Organization","@id":"https:\/\/amatitlan.gob.gt\/2020\/#organization","name":"Municipalidad de Amatitl\u00e1n","url":"https:\/\/amatitlan.gob.gt\/2020\/","logo":{"@type":"ImageObject","inLanguage":"es","@id":"https:\/\/amatitlan.gob.gt\/2020\/#\/schema\/logo\/image\/","url":"https:\/\/amatitlan.gob.gt\/2020\/wp-content\/uploads\/2024\/01\/cropped-Logo-Muni-2024.png","contentUrl":"https:\/\/amatitlan.gob.gt\/2020\/wp-content\/uploads\/2024\/01\/cropped-Logo-Muni-2024.png","width":613,"height":343,"caption":"Municipalidad de Amatitl\u00e1n"},"image":{"@id":"https:\/\/amatitlan.gob.gt\/2020\/#\/schema\/logo\/image\/"}}]}},"amp_enabled":true,"_links":{"self":[{"href":"https:\/\/amatitlan.gob.gt\/2020\/wp-json\/wp\/v2\/pages\/3563","targetHints":{"allow":["GET"]}}],"collection":[{"href":"https:\/\/amatitlan.gob.gt\/2020\/wp-json\/wp\/v2\/pages"}],"about":[{"href":"https:\/\/amatitlan.gob.gt\/2020\/wp-json\/wp\/v2\/types\/page"}],"author":[{"embeddable":true,"href":"https:\/\/amatitlan.gob.gt\/2020\/wp-json\/wp\/v2\/users\/5"}],"replies":[{"embeddable":true,"href":"https:\/\/amatitlan.gob.gt\/2020\/wp-json\/wp\/v2\/comments?post=3563"}],"version-history":[{"count":7,"href":"https:\/\/amatitlan.gob.gt\/2020\/wp-json\/wp\/v2\/pages\/3563\/revisions"}],"predecessor-version":[{"id":5040,"href":"https:\/\/amatitlan.gob.gt\/2020\/wp-json\/wp\/v2\/pages\/3563\/revisions\/5040"}],"wp:attachment":[{"href":"https:\/\/amatitlan.gob.gt\/2020\/wp-json\/wp\/v2\/media?parent=3563"}],"curies":[{"name":"wp","href":"https:\/\/api.w.org\/{rel}","templated":true}]}}